{"id":11,"date":"2018-01-04T18:18:04","date_gmt":"2018-01-04T18:18:04","guid":{"rendered":"http:\/\/www.maracena.es\/edusi\/?page_id=11"},"modified":"2023-07-13T13:12:28","modified_gmt":"2023-07-13T13:12:28","slug":"objetivos","status":"publish","type":"page","link":"https:\/\/www.maracena.es\/edusi\/?page_id=11","title":{"rendered":"Medidas Antifraude"},"content":{"rendered":"<h3><strong>INFORMACI\u00d3N<\/strong><\/h3>\n<ul>\n<li><a href=\"http:\/\/www.maracena.es\/edusi\/wp-content\/uploads\/2018\/antifraude\/Declaracion_Institucional_Antifraude_Firmada.pdf\"><strong>Declaraci\u00f3n institucional Antifraude Edusi. (pdf)<\/strong><\/a><\/li>\n<li><strong><a href=\"http:\/\/www.maracena.es\/edusi\/wp-content\/uploads\/2018\/09\/BANDERAS-ROJAS-LUCHA-CONTRA-FRAUDE.pdf\">Banderas rojas contra el fraude. (pdf)<\/a><\/strong><\/li>\n<li><strong><a href=\"https:\/\/www.igae.pap.hacienda.gob.es\/sitios\/igae\/es-ES\/Paginas\/denan.aspx\">Acceso al formulario para la comunicaci\u00f3n de fraudes e irregularidades de la IGAE<\/a><\/strong><\/li>\n<\/ul>\n<h3><strong><br \/>BUZ\u00d3N ANTIFRAUDE<\/strong><\/h3>\n<p>El Ayuntamiento de Maracena para garantizar el control m\u00e1ximo del riesgo de actuaciones fraudulentas en los procedimientos de la EDUSI ha creado la herramienta \u201cBUZ\u00d3N EDUSI\u201d, en el que cualquier ciudadano puede depositar de forma an\u00f3nima una denuncia de sospecha de fraude en cualquier procedimiento incluido en la estrategia. Tambi\u00e9n puede enviar directamente un correo a antifraude@maracena.es.<\/p>\n<p style=\"text-align: center;\"><a href=\"http:\/\/www.maracena.es\/edusi\/?page_id=200\"><img fetchpriority=\"high\" decoding=\"async\" class=\"size-medium wp-image-137 aligncenter\" src=\"http:\/\/www.maracena.es\/edusi\/wp-content\/uploads\/2018\/09\/buzon_edusi.fw_-300x252.png\" alt=\"\" width=\"300\" height=\"252\" \/><\/a><\/p>\n\n\n<h3 class=\"wp-block-heading\"><strong>AUTOEVALUACI\u00d3N DEL RIESGO DE FRAUDE<\/strong><\/h3>\n\n\n\n<ul class=\"wp-block-list\">\n<li><a href=\"http:\/\/www.maracena.es\/edusi\/wp-content\/uploads\/2021\/10\/Acta_Comite\u0301_Antifraude_EDUSI_Maracena_firmada.pdf\"><strong>Acta del Ejercicio inicial de autoevaluaci\u00f3n del Riesgo de Fraude (19\/09\/17)<\/strong><\/a><\/li>\n\n\n\n<li><strong><a href=\"http:\/\/www.maracena.es\/edusi\/wp-content\/uploads\/2021\/10\/20211007_Acta_Comite\u0301_Antifraude_EDUSI_Maracena_2o-Ejercicio.pdf\">Acta del 2\u00ba Ejercicio de autoevaluaci\u00f3n del Riesgo de Fraude (07\/10\/21)<\/a><\/strong><\/li>\n<\/ul>\n\n\n\n<p><\/p>\n","protected":false},"excerpt":{"rendered":"<p>INFORMACI\u00d3N Declaraci\u00f3n institucional Antifraude Edusi. (pdf) Banderas rojas contra el fraude. (pdf) Acceso al formulario para la comunicaci\u00f3n de fraudes e irregularidades de la IGAE BUZ\u00d3N ANTIFRAUDE El Ayuntamiento de Maracena para garantizar el control m\u00e1ximo del riesgo de actuaciones fraudulentas en los procedimientos de la EDUSI ha creado la herramienta \u201cBUZ\u00d3N EDUSI\u201d, en el [&hellip;]<\/p>\n","protected":false},"author":2,"featured_media":0,"parent":0,"menu_order":0,"comment_status":"closed","ping_status":"closed","template":"","meta":{"footnotes":""},"class_list":["post-11","page","type-page","status-publish","hentry"],"_links":{"self":[{"href":"https:\/\/www.maracena.es\/edusi\/index.php?rest_route=\/wp\/v2\/pages\/11","targetHints":{"allow":["GET"]}}],"collection":[{"href":"https:\/\/www.maracena.es\/edusi\/index.php?rest_route=\/wp\/v2\/pages"}],"about":[{"href":"https:\/\/www.maracena.es\/edusi\/index.php?rest_route=\/wp\/v2\/types\/page"}],"author":[{"embeddable":true,"href":"https:\/\/www.maracena.es\/edusi\/index.php?rest_route=\/wp\/v2\/users\/2"}],"replies":[{"embeddable":true,"href":"https:\/\/www.maracena.es\/edusi\/index.php?rest_route=%2Fwp%2Fv2%2Fcomments&post=11"}],"version-history":[{"count":27,"href":"https:\/\/www.maracena.es\/edusi\/index.php?rest_route=\/wp\/v2\/pages\/11\/revisions"}],"predecessor-version":[{"id":751,"href":"https:\/\/www.maracena.es\/edusi\/index.php?rest_route=\/wp\/v2\/pages\/11\/revisions\/751"}],"wp:attachment":[{"href":"https:\/\/www.maracena.es\/edusi\/index.php?rest_route=%2Fwp%2Fv2%2Fmedia&parent=11"}],"curies":[{"name":"wp","href":"https:\/\/api.w.org\/{rel}","templated":true}]}}