{"id":200,"date":"2018-10-09T18:57:51","date_gmt":"2018-10-09T18:57:51","guid":{"rendered":"http:\/\/www.maracena.es\/edusi\/?page_id=200"},"modified":"2018-10-09T18:57:51","modified_gmt":"2018-10-09T18:57:51","slug":"formulario-antifraude","status":"publish","type":"page","link":"https:\/\/www.maracena.es\/edusi\/?page_id=200","title":{"rendered":"Formulario Antifraude"},"content":{"rendered":"\n<div class=\"wpcf7 no-js\" id=\"wpcf7-f199-o1\" lang=\"es-ES\" dir=\"ltr\" data-wpcf7-id=\"199\">\n<div class=\"screen-reader-response\"><p role=\"status\" aria-live=\"polite\" aria-atomic=\"true\"><\/p> <ul><\/ul><\/div>\n<form action=\"\/edusi\/index.php?rest_route=%2Fwp%2Fv2%2Fpages%2F200#wpcf7-f199-o1\" method=\"post\" class=\"wpcf7-form init\" aria-label=\"Formulario de contacto\" enctype=\"multipart\/form-data\" novalidate=\"novalidate\" data-status=\"init\">\n<fieldset class=\"hidden-fields-container\"><input type=\"hidden\" name=\"_wpcf7\" value=\"199\" \/><input type=\"hidden\" name=\"_wpcf7_version\" value=\"6.1.5\" \/><input type=\"hidden\" name=\"_wpcf7_locale\" value=\"es_ES\" \/><input type=\"hidden\" name=\"_wpcf7_unit_tag\" value=\"wpcf7-f199-o1\" \/><input type=\"hidden\" name=\"_wpcf7_container_post\" value=\"0\" \/><input type=\"hidden\" name=\"_wpcf7_posted_data_hash\" value=\"\" \/>\n<\/fieldset>\n<p><strong>FORMULARIO ANTIFRAUDE \"MARACENA SOSTENIBLE II\"<\/strong><br \/>\nSalvo cuando la persona que comunique la informaci\u00f3n solicite expresamente lo contrario, el Servicio Nacional de Coordinaci\u00f3n Antifraude, as\u00ed como Entidad Local DUSI, creada para el ejercicio de todas las acciones que en relaci\u00f3n a las medidas antifraude sean necesarias para la correcta ejecuci\u00f3n del proyecto EDUSI en este Ayuntamiento, guardar\u00e1 total confidencialidad respecto de su identidad, de forma que la misma no ser\u00e1 revelada a persona alguna.\n<\/p>\n<p>Identificaci\u00f3n de la persona que remite la informaci\u00f3n\n<\/p>\n<p><label> Nombre <span class=\"wpcf7-form-control-wrap\" data-name=\"nombre\"><input size=\"40\" maxlength=\"400\" class=\"wpcf7-form-control wpcf7-text wpcf7-validates-as-required\" aria-required=\"true\" aria-invalid=\"false\" value=\"\" type=\"text\" name=\"nombre\" \/><\/span> <\/label>\n<\/p>\n<p><label> Primer Apellido <span class=\"wpcf7-form-control-wrap\" data-name=\"apellido1\"><input size=\"40\" maxlength=\"400\" class=\"wpcf7-form-control wpcf7-text wpcf7-validates-as-required\" aria-required=\"true\" aria-invalid=\"false\" value=\"\" type=\"text\" name=\"apellido1\" \/><\/span> <\/label>\n<\/p>\n<p><label> Segundo Apellido <span class=\"wpcf7-form-control-wrap\" data-name=\"apellido2\"><input size=\"40\" maxlength=\"400\" class=\"wpcf7-form-control wpcf7-text wpcf7-validates-as-required\" aria-required=\"true\" aria-invalid=\"false\" value=\"\" type=\"text\" name=\"apellido2\" \/><\/span> <\/label>\n<\/p>\n<p><label> NIF <span class=\"wpcf7-form-control-wrap\" data-name=\"nif\"><input size=\"40\" maxlength=\"400\" class=\"wpcf7-form-control wpcf7-text wpcf7-validates-as-required\" aria-required=\"true\" aria-invalid=\"false\" value=\"\" type=\"text\" name=\"nif\" \/><\/span> <\/label>\n<\/p>\n<p>Presenta la informaci\u00f3n en representaci\u00f3n de una empresa o entidad\n<\/p>\n<p><label> Raz\u00f3n Social de la empresa a la que representa <span class=\"wpcf7-form-control-wrap\" data-name=\"empresa\"><input size=\"40\" maxlength=\"400\" class=\"wpcf7-form-control wpcf7-text wpcf7-validates-as-required\" aria-required=\"true\" aria-invalid=\"false\" value=\"\" type=\"text\" name=\"empresa\" \/><\/span> <\/label>\n<\/p>\n<p><label> CIF <span class=\"wpcf7-form-control-wrap\" data-name=\"cif\"><input size=\"40\" maxlength=\"400\" class=\"wpcf7-form-control wpcf7-text wpcf7-validates-as-required\" aria-required=\"true\" aria-invalid=\"false\" value=\"\" type=\"text\" name=\"cif\" \/><\/span> <\/label>\n<\/p>\n<p>Identificaci\u00f3n de las personas o entidades que hubieran cometido el fraude o irregularidad<br \/>\n<strong>PERSONA O ENTIDAD 1<\/strong>\n<\/p>\n<p><label> Apellidos y Nombre\/Raz\u00f3n Social <span class=\"wpcf7-form-control-wrap\" data-name=\"entidad1\"><input size=\"40\" maxlength=\"400\" class=\"wpcf7-form-control wpcf7-text wpcf7-validates-as-required\" aria-required=\"true\" aria-invalid=\"false\" value=\"\" type=\"text\" name=\"entidad1\" \/><\/span> <\/label>\n<\/p>\n<p><label> Persona f\u00edsica\/jur\u00eddica, NIF\/CIF <span class=\"wpcf7-form-control-wrap\" data-name=\"id_entidad1\"><input size=\"40\" maxlength=\"400\" class=\"wpcf7-form-control wpcf7-text wpcf7-validates-as-required\" aria-required=\"true\" aria-invalid=\"false\" value=\"\" type=\"text\" name=\"id_entidad1\" \/><\/span> <\/label>\n<\/p>\n<p><label> \u00bfHas trabajado en la entidad a la que se refieren los hechos?<\/label><span class=\"wpcf7-form-control-wrap\" data-name=\"trabajador1\"><span class=\"wpcf7-form-control wpcf7-radio\"><span class=\"wpcf7-list-item first\"><span class=\"wpcf7-list-item-label\">SI<\/span><input type=\"radio\" name=\"trabajador1\" value=\"SI\" checked=\"checked\" \/><\/span><span class=\"wpcf7-list-item last\"><span class=\"wpcf7-list-item-label\">NO<\/span><input type=\"radio\" name=\"trabajador1\" value=\"NO\" \/><\/span><\/span><\/span>\n<\/p>\n<p><label> Cargo que ostenta en la empresa o entidad afectada <span class=\"wpcf7-form-control-wrap\" data-name=\"cargo1\"><input size=\"40\" maxlength=\"400\" class=\"wpcf7-form-control wpcf7-text wpcf7-validates-as-required\" aria-required=\"true\" aria-invalid=\"false\" value=\"\" type=\"text\" name=\"cargo1\" \/><\/span> <\/label>\n<\/p>\n<p><strong>PERSONA O ENTIDAD 2<\/strong>\n<\/p>\n<p><label> Apellidos y Nombre\/Raz\u00f3n Social <span class=\"wpcf7-form-control-wrap\" data-name=\"entidad2\"><input size=\"40\" maxlength=\"400\" class=\"wpcf7-form-control wpcf7-text wpcf7-validates-as-required\" aria-required=\"true\" aria-invalid=\"false\" value=\"\" type=\"text\" name=\"entidad2\" \/><\/span> <\/label>\n<\/p>\n<p><label> Persona f\u00edsica\/jur\u00eddica, NIF\/CIF <span class=\"wpcf7-form-control-wrap\" data-name=\"id_entidad2\"><input size=\"40\" maxlength=\"400\" class=\"wpcf7-form-control wpcf7-text wpcf7-validates-as-required\" aria-required=\"true\" aria-invalid=\"false\" value=\"\" type=\"text\" name=\"id_entidad2\" \/><\/span> <\/label>\n<\/p>\n<p><label> \u00bfHas trabajado en la entidad a la que se refieren los hechos?<\/label><span class=\"wpcf7-form-control-wrap\" data-name=\"trabajador2\"><span class=\"wpcf7-form-control wpcf7-radio\"><span class=\"wpcf7-list-item first\"><span class=\"wpcf7-list-item-label\">SI<\/span><input type=\"radio\" name=\"trabajador2\" value=\"SI\" checked=\"checked\" \/><\/span><span class=\"wpcf7-list-item last\"><span class=\"wpcf7-list-item-label\">NO<\/span><input type=\"radio\" name=\"trabajador2\" value=\"NO\" \/><\/span><\/span><\/span>\n<\/p>\n<p><label> Cargo que ostenta en la empresa o entidad afectada <span class=\"wpcf7-form-control-wrap\" data-name=\"cargo2\"><input size=\"40\" maxlength=\"400\" class=\"wpcf7-form-control wpcf7-text wpcf7-validates-as-required\" aria-required=\"true\" aria-invalid=\"false\" value=\"\" type=\"text\" name=\"cargo2\" \/><\/span> <\/label>\n<\/p>\n<p><strong>PERSONA O ENTIDAD SUCESIVAS<\/strong>\n<\/p>\n<p><label> Indique, para cada persona o entidad, el NIF\/CIF y el Nombre y Apellidos o Raz\u00f3n Social <span class=\"wpcf7-form-control-wrap\" data-name=\"otras_entidades\"><textarea cols=\"40\" rows=\"10\" maxlength=\"2000\" class=\"wpcf7-form-control wpcf7-textarea wpcf7-validates-as-required\" aria-required=\"true\" aria-invalid=\"false\" name=\"otras_entidades\"><\/textarea><\/span> <\/label><br \/>\n<strong>DESCRIPCI\u00d3N DE LOS HECHOS<\/strong><br \/>\nDebe describirse de la forma m\u00e1s concreta y detallada posible, debiendo aportarse cualquier documentaci\u00f3n o elemento de prueba que facilite su verificaci\u00f3n.<br \/>\nNo se dar\u00e1 curso a la informaci\u00f3n recibida cuando la escasez de la informaci\u00f3n remitida, la descripci\u00f3n excesivamente gen\u00e9rica e incorrecta de los hechos o la falta de elementos de prueba suministrados no permitan al Servicio de Coordinaci\u00f3n Antifraude realizar una verificaci\u00f3n razonable de la informaci\u00f3n recibida y una determinaci\u00f3n m\u00ednima del tratamiento que deba darse a los hechos comunicados.\n<\/p>\n<p><label> \u00d3rgano que ha gestionado la ayuda <span class=\"wpcf7-form-control-wrap\" data-name=\"organo\"><input size=\"40\" maxlength=\"400\" class=\"wpcf7-form-control wpcf7-text wpcf7-validates-as-required\" aria-required=\"true\" aria-invalid=\"false\" value=\"\" type=\"text\" name=\"organo\" \/><\/span> <\/label>\n<\/p>\n<p><label> Fondo Europeo posiblemente afectado <span class=\"wpcf7-form-control-wrap\" data-name=\"fondo\"><input size=\"40\" maxlength=\"400\" class=\"wpcf7-form-control wpcf7-text wpcf7-validates-as-required\" aria-required=\"true\" aria-invalid=\"false\" value=\"\" type=\"text\" name=\"fondo\" \/><\/span> <\/label>\n<\/p>\n<p><label> Hechos y pruebas en su caso, de los que se deriva la existencia de un fraude o irregularidad y Marco de Programaci\u00f3n. <span class=\"wpcf7-form-control-wrap\" data-name=\"hechos\"><textarea cols=\"40\" rows=\"10\" maxlength=\"2000\" class=\"wpcf7-form-control wpcf7-textarea wpcf7-validates-as-required\" aria-required=\"true\" aria-invalid=\"false\" name=\"hechos\"><\/textarea><\/span> <\/label>\n<\/p>\n<p><label> A\u00f1o en el que se produjeron los hechos <span class=\"wpcf7-form-control-wrap\" data-name=\"fecha_hechos\"><input class=\"wpcf7-form-control wpcf7-number wpcf7-validates-as-required wpcf7-validates-as-number\" min=\"2000\" max=\"2018\" aria-required=\"true\" aria-invalid=\"false\" value=\"\" type=\"number\" name=\"fecha_hechos\" \/><\/span> <\/label>\n<\/p>\n<p><label> Localidad <span class=\"wpcf7-form-control-wrap\" data-name=\"localidad\"><input size=\"40\" maxlength=\"400\" class=\"wpcf7-form-control wpcf7-text wpcf7-validates-as-required\" aria-required=\"true\" aria-invalid=\"false\" value=\"\" type=\"text\" name=\"localidad\" \/><\/span> <\/label>\n<\/p>\n<p><label> Comunidad Aut\u00f3noma <span class=\"wpcf7-form-control-wrap\" data-name=\"comunidad\"><input size=\"40\" maxlength=\"400\" class=\"wpcf7-form-control wpcf7-text wpcf7-validates-as-required\" aria-required=\"true\" aria-invalid=\"false\" value=\"\" type=\"text\" name=\"comunidad\" \/><\/span> <\/label>\n<\/p>\n<p><label> Persona f\u00edsica\/jur\u00eddica, NIF\/CIF <span class=\"wpcf7-form-control-wrap\" data-name=\"id_entidad2\"><input size=\"40\" maxlength=\"400\" class=\"wpcf7-form-control wpcf7-text wpcf7-validates-as-required\" aria-required=\"true\" aria-invalid=\"false\" value=\"\" type=\"text\" name=\"id_entidad2\" \/><\/span> <\/label>\n<\/p>\n<p><label> \u00bfHa remitido esta informaci\u00f3n a otro \u00f3rgano o entidad?<\/label><span class=\"wpcf7-form-control-wrap\" data-name=\"remitido\"><span class=\"wpcf7-form-control wpcf7-radio\"><span class=\"wpcf7-list-item first\"><span class=\"wpcf7-list-item-label\">SI<\/span><input type=\"radio\" name=\"remitido\" value=\"SI\" \/><\/span><span class=\"wpcf7-list-item last\"><span class=\"wpcf7-list-item-label\">NO<\/span><input type=\"radio\" name=\"remitido\" value=\"NO\" checked=\"checked\" \/><\/span><\/span><\/span>\n<\/p>\n<p><label> Indique el \u00f3rgano o entidad al que hubiera remitido la informaci\u00f3n <span class=\"wpcf7-form-control-wrap\" data-name=\"id_remitido\"><input size=\"40\" maxlength=\"400\" class=\"wpcf7-form-control wpcf7-text wpcf7-validates-as-required\" aria-required=\"true\" aria-invalid=\"false\" value=\"\" type=\"text\" name=\"id_remitido\" \/><\/span> <\/label>\n<\/p>\n<p><label> Adjunte un fichero en formato Zip o Rar <span class=\"wpcf7-form-control-wrap\" data-name=\"fichero\"><input size=\"40\" class=\"wpcf7-form-control wpcf7-file wpcf7-validates-as-required\" accept=\".zip,.rar\" aria-required=\"true\" aria-invalid=\"false\" type=\"file\" name=\"fichero\" \/><\/span> <\/label>\n<\/p>\n<p>Indique la forma en la que desea comunicarse con la Unidad de Control\n<\/p>\n<p><label> Correo Electr\u00f3nico <span class=\"wpcf7-form-control-wrap\" data-name=\"email\"><input size=\"40\" maxlength=\"400\" class=\"wpcf7-form-control wpcf7-email wpcf7-validates-as-required wpcf7-text wpcf7-validates-as-email\" aria-required=\"true\" aria-invalid=\"false\" value=\"\" type=\"email\" name=\"email\" \/><\/span> <\/label>\n<\/p>\n<p>Direcci\u00f3n Postal:\n<\/p>\n<p><label> Tipo de V\u00eda <span class=\"wpcf7-form-control-wrap\" data-name=\"tipo_via\"><select class=\"wpcf7-form-control wpcf7-select wpcf7-validates-as-required\" aria-required=\"true\" aria-invalid=\"false\" name=\"tipo_via\"><option value=\"Calle\">Calle<\/option><option value=\"Plaza\">Plaza<\/option><option value=\"Avenida\">Avenida<\/option><option value=\"Carretera\">Carretera<\/option><\/select><\/span> <\/label>\n<\/p>\n<p><label> Direcci\u00f3n <span class=\"wpcf7-form-control-wrap\" data-name=\"direccion\"><input size=\"40\" maxlength=\"400\" class=\"wpcf7-form-control wpcf7-text wpcf7-validates-as-required\" aria-required=\"true\" aria-invalid=\"false\" value=\"\" type=\"text\" name=\"direccion\" \/><\/span> <\/label>\n<\/p>\n<p><label> N\u00famero <span class=\"wpcf7-form-control-wrap\" data-name=\"numero\"><input class=\"wpcf7-form-control wpcf7-number wpcf7-validates-as-required wpcf7-validates-as-number\" aria-required=\"true\" aria-invalid=\"false\" value=\"\" type=\"number\" name=\"numero\" \/><\/span> <\/label>\n<\/p>\n<p><label> C.P. <span class=\"wpcf7-form-control-wrap\" data-name=\"cp\"><input class=\"wpcf7-form-control wpcf7-number wpcf7-validates-as-required wpcf7-validates-as-number\" aria-required=\"true\" aria-invalid=\"false\" value=\"\" type=\"number\" name=\"cp\" \/><\/span> <\/label>\n<\/p>\n<p><label> Municipio <span class=\"wpcf7-form-control-wrap\" data-name=\"municipio\"><input size=\"40\" maxlength=\"400\" class=\"wpcf7-form-control wpcf7-text wpcf7-validates-as-required\" aria-required=\"true\" aria-invalid=\"false\" value=\"\" type=\"text\" name=\"municipio\" \/><\/span> <\/label>\n<\/p>\n<p><label> Poblaci\u00f3n <span class=\"wpcf7-form-control-wrap\" data-name=\"poblacion\"><input size=\"40\" maxlength=\"400\" class=\"wpcf7-form-control wpcf7-text wpcf7-validates-as-required\" aria-required=\"true\" aria-invalid=\"false\" value=\"\" type=\"text\" name=\"poblacion\" \/><\/span> <\/label>\n<\/p>\n<p>Con car\u00e1cter previo a la remisi\u00f3n puede plantear las dudas y preguntas que estime oportuno a la siguiente direcci\u00f3n de correo electr\u00f3nico: edusi@maracena.es\n<\/p>\n<p><input class=\"wpcf7-form-control wpcf7-submit has-spinner\" type=\"submit\" value=\"Enviar\" \/>\n<\/p><p style=\"display: none !important;\" class=\"akismet-fields-container\" data-prefix=\"_wpcf7_ak_\"><label>&#916;<textarea name=\"_wpcf7_ak_hp_textarea\" cols=\"45\" rows=\"8\" maxlength=\"100\"><\/textarea><\/label><input type=\"hidden\" id=\"ak_js_1\" name=\"_wpcf7_ak_js\" value=\"112\"\/><script>document.getElementById( \"ak_js_1\" ).setAttribute( \"value\", ( new Date() ).getTime() );<\/script><\/p><div class=\"wpcf7-response-output\" aria-hidden=\"true\"><\/div>\n<\/form>\n<\/div>\n\n","protected":false},"excerpt":{"rendered":"","protected":false},"author":2,"featured_media":0,"parent":0,"menu_order":0,"comment_status":"closed","ping_status":"closed","template":"","meta":{"footnotes":""},"class_list":["post-200","page","type-page","status-publish","hentry"],"_links":{"self":[{"href":"https:\/\/www.maracena.es\/edusi\/index.php?rest_route=\/wp\/v2\/pages\/200","targetHints":{"allow":["GET"]}}],"collection":[{"href":"https:\/\/www.maracena.es\/edusi\/index.php?rest_route=\/wp\/v2\/pages"}],"about":[{"href":"https:\/\/www.maracena.es\/edusi\/index.php?rest_route=\/wp\/v2\/types\/page"}],"author":[{"embeddable":true,"href":"https:\/\/www.maracena.es\/edusi\/index.php?rest_route=\/wp\/v2\/users\/2"}],"replies":[{"embeddable":true,"href":"https:\/\/www.maracena.es\/edusi\/index.php?rest_route=%2Fwp%2Fv2%2Fcomments&post=200"}],"version-history":[{"count":1,"href":"https:\/\/www.maracena.es\/edusi\/index.php?rest_route=\/wp\/v2\/pages\/200\/revisions"}],"predecessor-version":[{"id":201,"href":"https:\/\/www.maracena.es\/edusi\/index.php?rest_route=\/wp\/v2\/pages\/200\/revisions\/201"}],"wp:attachment":[{"href":"https:\/\/www.maracena.es\/edusi\/index.php?rest_route=%2Fwp%2Fv2%2Fmedia&parent=200"}],"curies":[{"name":"wp","href":"https:\/\/api.w.org\/{rel}","templated":true}]}}