{"id":258,"date":"2021-03-03T15:08:44","date_gmt":"2021-03-03T15:08:44","guid":{"rendered":"http:\/\/www.maracena.es\/edusi\/?page_id=258"},"modified":"2021-03-11T12:01:09","modified_gmt":"2021-03-11T12:01:09","slug":"periodo-2014-2020","status":"publish","type":"page","link":"https:\/\/www.maracena.es\/edusi\/?page_id=258","title":{"rendered":"Periodo 2014 &#8211; 2020"},"content":{"rendered":"\n<p>La Comisi\u00f3n Europea ha querido reconocer el papel de las ciudades como \u00e1reas donde actualmente se concentra buena parte de la<br>actividad econ\u00f3mica, el empleo y la innovaci\u00f3n, y por lo tanto, donde se dan las mayores oportunidades de futuro para un crecimiento<br>inteligente, sostenible e integrado, tal y como se recoge en la Estrategia Europa 2020.<\/p>\n\n\n\n<p>Es por ello que, para el actual periodo de Programaci\u00f3n 2014-2020 se decidi\u00f3 destinar al menos un 5% del Fondo Europeo de<br>Desarrollo Regional-FEDER para el desarrollo urbano sostenible e integrado. En el caso espa\u00f1ol, esta financiaci\u00f3n se ha enmarcado en<br>el Programa Operativo Plurirregional de Espa\u00f1a (anterior Programa Operativo de Crecimiento Sostenible), concretamente en el Eje<br>Urbano, para el que se han destinado 1.200 millones de euros que se han repartido entre aquellas ciudades de m\u00e1s de 20.000<br>habitantes cuyas Estrategias de Desarrollo Urbano Sostenible e Integrado (EDUSI) fueron seleccionadas en alguna de las tres<br>convocatorias abiertas que se llevaron a cabo en los primeros a\u00f1os del periodo de programaci\u00f3n.<\/p>\n\n\n\n<p>La localidad de Maracena de la provincia de Granada (Andaluc\u00eda), fue uno de los n\u00facleos urbanos seleccionados y ha recibido para<br>implementar su Estrategia de Desarrollo Urbano Sostenible e Integrado \u201cMARACENA SOSTENIBLE II\u201d una ayuda FEDER de 5.000.000 \u20ac.<\/p>\n\n\n\n<p> Con esta ayuda el Ayuntamiento tiene previsto realizar una serie de proyectos dirigidos a conseguir una mayor calidad de<br>vida para toda la ciudadan\u00eda de Maracena, promoviendo el impulso de las nuevas tecnolog\u00edas, la mejora de la movilidad, la protecci\u00f3n del<br>medioambiente y del patrimonio cultural, la reducci\u00f3n de la contaminaci\u00f3n y la regeneraci\u00f3n de las zonas m\u00e1s desfavorecidas de la<br>localidad.<\/p>\n","protected":false},"excerpt":{"rendered":"<p>La Comisi\u00f3n Europea ha querido reconocer el papel de las ciudades como \u00e1reas donde actualmente se concentra buena parte de laactividad econ\u00f3mica, el empleo y la innovaci\u00f3n, y por lo tanto, donde se dan las mayores oportunidades de futuro para un crecimientointeligente, sostenible e integrado, tal y como se recoge en la Estrategia Europa 2020. [&hellip;]<\/p>\n","protected":false},"author":1,"featured_media":0,"parent":0,"menu_order":0,"comment_status":"closed","ping_status":"closed","template":"","meta":{"footnotes":""},"class_list":["post-258","page","type-page","status-publish","hentry"],"_links":{"self":[{"href":"https:\/\/www.maracena.es\/edusi\/index.php?rest_route=\/wp\/v2\/pages\/258","targetHints":{"allow":["GET"]}}],"collection":[{"href":"https:\/\/www.maracena.es\/edusi\/index.php?rest_route=\/wp\/v2\/pages"}],"about":[{"href":"https:\/\/www.maracena.es\/edusi\/index.php?rest_route=\/wp\/v2\/types\/page"}],"author":[{"embeddable":true,"href":"https:\/\/www.maracena.es\/edusi\/index.php?rest_route=\/wp\/v2\/users\/1"}],"replies":[{"embeddable":true,"href":"https:\/\/www.maracena.es\/edusi\/index.php?rest_route=%2Fwp%2Fv2%2Fcomments&post=258"}],"version-history":[{"count":5,"href":"https:\/\/www.maracena.es\/edusi\/index.php?rest_route=\/wp\/v2\/pages\/258\/revisions"}],"predecessor-version":[{"id":352,"href":"https:\/\/www.maracena.es\/edusi\/index.php?rest_route=\/wp\/v2\/pages\/258\/revisions\/352"}],"wp:attachment":[{"href":"https:\/\/www.maracena.es\/edusi\/index.php?rest_route=%2Fwp%2Fv2%2Fmedia&parent=258"}],"curies":[{"name":"wp","href":"https:\/\/api.w.org\/{rel}","templated":true}]}}