{"id":261,"date":"2021-03-02T16:20:42","date_gmt":"2021-03-02T16:20:42","guid":{"rendered":"http:\/\/www.maracena.es\/edusi\/?page_id=261"},"modified":"2021-10-18T09:34:05","modified_gmt":"2021-10-18T09:34:05","slug":"gestion-y-seguimiento","status":"publish","type":"page","link":"https:\/\/www.maracena.es\/edusi\/?page_id=261","title":{"rendered":"Gesti\u00f3n y seguimiento"},"content":{"rendered":"\n<p>En el a\u00f1o 2005 el Ayuntamiento de Maracena inici\u00f3 una nueva etapa en la gesti\u00f3n municipal al empezar a trabajar en el futuro de la ciudad a trav\u00e9s de un proceso de Planificaci\u00f3n Estrat\u00e9gica con el objeto de establecer la hoja de ruta, que definiera el futuro de la ciudad. Para llegar a este objetivo, se realiz\u00f3 un diagn\u00f3stico de la ciudad, mediante el cual se identificaron los problemas y necesidades de Maracena y que culmin\u00f3 en el a\u00f1o 2007 con la redacci\u00f3n y aprobaci\u00f3n del Plan Estrat\u00e9gico de Maracena 2007 \u2013 2013.<\/p>\n\n\n\n<p>Sobre la base de que los instrumentos de planificaci\u00f3n deben constituirse como procesos actualizables y en continua evoluci\u00f3n, el Ayuntamiento de Maracena, a trav\u00e9s de su Consejo Social, inici\u00f3 un proceso de actualizaci\u00f3n y adaptaci\u00f3n de dicho Plan Estrat\u00e9gico.<\/p>\n\n\n\n<p>Para ello, se iniciaron los trabajos de evaluaci\u00f3n del Plan a <strong>principios del a\u00f1o 2014<\/strong>, con el objeto de conocer su grado de implementaci\u00f3n y de consecuci\u00f3n de objetivos. Fruto de este proceso, se inicia un nuevo proceso de Planificaci\u00f3n para adaptar el modelo de crecimiento urbano a la <strong>Estrategia Europa 2020<\/strong>.<\/p>\n\n\n\n<p>La presente Estrategia de Desarrollo Urbano Sostenible e Integrado (en adelante, EDUSI) de Maracena, es el resultado y tambi\u00e9n la respuesta a los desaf\u00edos y problemas de su \u00e1rea urbana, detectados a trav\u00e9s del estudio de diversos planes locales y elementos de planificaci\u00f3n, diagn\u00f3stico y desarrollo, as\u00ed como de la elaboraci\u00f3n de un an\u00e1lisis del conjunto de su \u00e1rea urbana desde una perspectiva integrada, vertical y horizontal, donde se han agrupado las aportaciones de personal t\u00e9cnico del Ayuntamiento de Maracena y de otras administraciones, as\u00ed como de los foros y mesas de participaci\u00f3n ciudadana y de la posterior actualizaci\u00f3n de \u00e9ste conducente a <strong>la aprobaci\u00f3n por moci\u00f3n conjunta, el pasado 24 de abril de 2015, con el respaldo un\u00e1nime de toda la corporaci\u00f3n municipal del PLAN ESTRAT\u00c9GICO DE GRANADA 2015, Estrategia EG2020<\/strong>.<\/p>\n\n\n\n<ol class=\"wp-block-list\" id=\"block-d6f7f261-fdd2-4d72-85cc-283fa16cc037\"><li>Asistencia T\u00e9cnica Externa<ul><li><a href=\"http:\/\/www.maracena.es\/edusi\/wp-content\/uploads\/2021\/03\/COMUNIQAR_20200217_Notificacion_NOTIFICACION-APROBACION-INICIO-EXPTE.-ADJUDICACION-CONTRATO-SERVICIO-COMUNICACION-EDUSI-COMUNICAR-CONSULTORES-DE-MARKQTING-S.L.pdf\">Contrato de adjudicaci\u00f3n Comuniqar<\/a><\/li><li><a href=\"http:\/\/www.maracena.es\/edusi\/wp-content\/uploads\/2021\/05\/contrato-DOMINUS_MINISTERIO.pdf\">Contrato de adjudicaci\u00f3n Dominus<\/a><\/li><\/ul><\/li><\/ol>\n","protected":false},"excerpt":{"rendered":"<p>En el a\u00f1o 2005 el Ayuntamiento de Maracena inici\u00f3 una nueva etapa en la gesti\u00f3n municipal al empezar a trabajar en el futuro de la ciudad a trav\u00e9s de un proceso de Planificaci\u00f3n Estrat\u00e9gica con el objeto de establecer la hoja de ruta, que definiera el futuro de la ciudad. Para llegar a este objetivo, [&hellip;]<\/p>\n","protected":false},"author":1,"featured_media":0,"parent":0,"menu_order":0,"comment_status":"closed","ping_status":"closed","template":"","meta":{"footnotes":""},"class_list":["post-261","page","type-page","status-publish","hentry"],"_links":{"self":[{"href":"https:\/\/www.maracena.es\/edusi\/index.php?rest_route=\/wp\/v2\/pages\/261","targetHints":{"allow":["GET"]}}],"collection":[{"href":"https:\/\/www.maracena.es\/edusi\/index.php?rest_route=\/wp\/v2\/pages"}],"about":[{"href":"https:\/\/www.maracena.es\/edusi\/index.php?rest_route=\/wp\/v2\/types\/page"}],"author":[{"embeddable":true,"href":"https:\/\/www.maracena.es\/edusi\/index.php?rest_route=\/wp\/v2\/users\/1"}],"replies":[{"embeddable":true,"href":"https:\/\/www.maracena.es\/edusi\/index.php?rest_route=%2Fwp%2Fv2%2Fcomments&post=261"}],"version-history":[{"count":5,"href":"https:\/\/www.maracena.es\/edusi\/index.php?rest_route=\/wp\/v2\/pages\/261\/revisions"}],"predecessor-version":[{"id":593,"href":"https:\/\/www.maracena.es\/edusi\/index.php?rest_route=\/wp\/v2\/pages\/261\/revisions\/593"}],"wp:attachment":[{"href":"https:\/\/www.maracena.es\/edusi\/index.php?rest_route=%2Fwp%2Fv2%2Fmedia&parent=261"}],"curies":[{"name":"wp","href":"https:\/\/api.w.org\/{rel}","templated":true}]}}