{"id":313,"date":"2021-03-04T15:18:01","date_gmt":"2021-03-04T15:18:01","guid":{"rendered":"http:\/\/www.maracena.es\/edusi\/?page_id=313"},"modified":"2021-06-17T07:10:09","modified_gmt":"2021-06-17T07:10:09","slug":"preguntas-frecuentes","status":"publish","type":"page","link":"https:\/\/www.maracena.es\/edusi\/?page_id=313","title":{"rendered":"Preguntas frecuentes"},"content":{"rendered":"\n<h3 class=\"wp-block-heading\"><strong>PREGUNTAS FRECUENTES DEL CIUDADANO<\/strong><\/h3>\n\n\n\n<p>En esta secci\u00f3n de Preguntas Frecuentes intentaremos resolver de una manera concisa y sencilla aquellas preguntas que nos puedan presentar las personas interesadas en este tema.<\/p>\n\n\n<div class=\"container theme1\" style=\"width:100%; height:auto\"><ul class=\"responsive-accordion responsive-accordion-default bm-larger\"><li><div class=\"responsive-accordion-head\" style=\"background-color:\"><span style=\"color:;font-size:15px\">\u00bfEs necesaria una &quot;estrategia&quot; para la ciudad?<\/span><i class=\"fa fa-chevron-down responsive-accordion-plus fa-fw\"><\/i><i class=\"fa fa-chevron-up responsive-accordion-minus fa-fw\"><\/i><\/div><div class=\"responsive-accordion-panel\"style=\"background-color:;padding:12px;color:;font-size:14px\"><p>El prop\u00f3sito de una \"estrategia de ciudad\" es transformar el \u00e1rea urbana en un espacio de mayor calidad urbana, equilibrado econ\u00f3mica y socialmente, inclusivo e integrador, respetando la diversidad, ambientalmente sostenible y con una marcada igualdad en materia de g\u00e9nero.<br \/>\nA trav\u00e9s del proyecto MARACENA SOSTENIBLE II, el Ayuntamiento de Maracena quiere ejecutar una estrategia global de Desarrollo Urbano Sostenible Integrado (DUSI) con una visi\u00f3n a largo plazo del modelo de ciudad que se quiere para las generaciones actuales y de futuro. Con ella pretende dar respuesta de un modo coherente y equilibrado a los problemas de la ciudad a trav\u00e9s de l\u00edneas de actuaci\u00f3n concretas.<\/p>\n<\/div><\/li><li><div class=\"responsive-accordion-head\" style=\"background-color:\"><span style=\"color:;font-size:15px\">\u00bfCu\u00e1ndo se aprob\u00f3 la actual estrategia\u00a0 MARACENA SOSTENBLE II?<\/span><i class=\"fa fa-chevron-down responsive-accordion-plus fa-fw\"><\/i><i class=\"fa fa-chevron-up responsive-accordion-minus fa-fw\"><\/i><\/div><div class=\"responsive-accordion-panel\"style=\"background-color:;padding:12px;color:;font-size:14px\"><p class=\"p1\">El proyecto final que se present\u00f3 a la 2\u00aa convocatoria de estrategias DUSI financiadas por los fondos FEDER lo aprob\u00f3 el Pleno municipal de 12 de Enero de 2016 en sesi\u00f3n ordinaria y por unanimidad. Finalmente, la concesi\u00f3n definitiva de los<b> 5 millones de \u20ac<\/b> de los fondos FEDER se public\u00f3 en el <i>BOE de Lunes 22 de mayo de 2017.<\/i><\/p>\n<\/div><\/li><li><div class=\"responsive-accordion-head\" style=\"background-color:\"><span style=\"color:;font-size:15px\">\u00bfCu\u00e1les son los contenidos de una EDUSI?<\/span><i class=\"fa fa-chevron-down responsive-accordion-plus fa-fw\"><\/i><i class=\"fa fa-chevron-up responsive-accordion-minus fa-fw\"><\/i><\/div><div class=\"responsive-accordion-panel\"style=\"background-color:;padding:12px;color:;font-size:14px\"><p class=\"p1\">Una Estrategia de Desarrollo Urbano Sostenible e Integrado comprender\u00e1 los siguientes contenidos:<\/p>\n<ul class=\"ul1\">\n<li class=\"li1\">Identificaci\u00f3n inicial de problemas y retos urbanos<\/li>\n<li class=\"li1\">An\u00e1lisis integrado: que abarque la dimensi\u00f3n f\u00edsica y medioambiental, clim\u00e1tica, demogr\u00e1fica, social y econ\u00f3mica.<\/li>\n<li class=\"li1\">Diagn\u00f3stico y definici\u00f3n de resultados esperados<\/li>\n<li class=\"li1\">Delimitaci\u00f3n del \u00e1mbito de actuaci\u00f3n<\/li>\n<li class=\"li1\">Plan de Implementaci\u00f3n: que comprender\u00e1 l\u00edneas de actuaci\u00f3n, cronograma, presupuesto e indicadores de productividad<\/li>\n<li class=\"li1\">Participaci\u00f3n ciudadana y de los Agentes sociales: tanto en la fase de dise\u00f1o como en la de implantaci\u00f3n<\/li>\n<li class=\"li1\">Capacidad Administrativa<\/li>\n<li class=\"li1\">Principios horizontales y objetivos transversales FEDER: igualdad entre hombres y mujeres y no discriminaci\u00f3n, desarrollo sostenible, accesibilidad, atenci\u00f3n a cambio demogr\u00e1fico, mitigaci\u00f3n y adaptaci\u00f3n al cambio clim\u00e1tico.<\/li>\n<\/ul>\n<\/div><\/li><li><div class=\"responsive-accordion-head\" style=\"background-color:\"><span style=\"color:;font-size:15px\">\u00bfQu\u00e9 es una L\u00ednea de Actuaci\u00f3n?<\/span><i class=\"fa fa-chevron-down responsive-accordion-plus fa-fw\"><\/i><i class=\"fa fa-chevron-up responsive-accordion-minus fa-fw\"><\/i><\/div><div class=\"responsive-accordion-panel\"style=\"background-color:;padding:12px;color:;font-size:14px\"><p class=\"p1\">Son actuaciones concretas encaminadas a resolver los problemas del municipio.<\/p>\n<p class=\"p1\">Las l\u00edneas de actuaci\u00f3n (LA) abordan la mayor\u00eda de los asuntos relevantes para la ciudad, como son la protecci\u00f3n del medio ambiente, la generaci\u00f3n de espacios de alto valor urbano para la ciudadan\u00eda, la transformaci\u00f3n del modelo de movilidad de la ciudad hacia uno m\u00e1s sostenible, la rehabilitaci\u00f3n y eficiencia energ\u00e9tica en infraestructuras p\u00fablicas y privadas, el empleo, el impulso de la econom\u00eda de la ciudad y su comercio local, el fomento del emprendimiento, el refuerzo de pol\u00edticas sociales orientadas a colectivos vulnerables, etc.<\/p>\n<\/div><\/li><li><div class=\"responsive-accordion-head\" style=\"background-color:\"><span style=\"color:;font-size:15px\">\u00bfQu\u00e9 es una &quot;operaci\u00f3n&quot; en una DUSI?<\/span><i class=\"fa fa-chevron-down responsive-accordion-plus fa-fw\"><\/i><i class=\"fa fa-chevron-up responsive-accordion-minus fa-fw\"><\/i><\/div><div class=\"responsive-accordion-panel\"style=\"background-color:;padding:12px;color:;font-size:14px\"><p class=\"p1\">Las \"operaciones\" son actuaciones, intervenciones o un conjunto de acciones articuladas que, de forma coherente, contribuyen a la consecuci\u00f3n de los objetivos estrat\u00e9gicos establecidos para la ciudad o zona de actuaci\u00f3n.<\/p>\n<p class=\"p1\">Es la plasmaci\u00f3n pr\u00e1ctica de aquellas pol\u00edticas p\u00fablicas que desarrollan y permiten implementar un determinado \"modelo de ciudad\" de forma integrada y sostenible.<\/p>\n<\/div><\/li><\/ul><\/div>\n\n\n<div class=\"container theme1\" style=\"width:100%; height:auto\"><ul class=\"responsive-accordion responsive-accordion-default bm-larger\"><li><div class=\"responsive-accordion-head\" style=\"background-color:\"><span style=\"color:;font-size:15px\">\u00bfQu\u00e9 es una &quot;expresi\u00f3n de inter\u00e9s&quot; en una DUSI?<\/span><i class=\"fa fa-chevron-down responsive-accordion-plus fa-fw\"><\/i><i class=\"fa fa-chevron-up responsive-accordion-minus fa-fw\"><\/i><\/div><div class=\"responsive-accordion-panel\"style=\"background-color:;padding:12px;color:;font-size:14px\"><p class=\"p1\">Una \"expresi\u00f3n de inter\u00e9s\" hace referencia a las actuaciones que se realizar\u00e1n en la ciudad de Maracena dentro del proyecto MARCENA SOSTENIBLE y financiadas por los fondos FEDER<\/p>\n<\/div><\/li><li><div class=\"responsive-accordion-head\" style=\"background-color:\"><span style=\"color:;font-size:15px\">\u00bfEsas convocatorias est\u00e1n abiertas a la ciudadan\u00eda, asociaciones, empresas y otras personas interesadas en general?<\/span><i class=\"fa fa-chevron-down responsive-accordion-plus fa-fw\"><\/i><i class=\"fa fa-chevron-up responsive-accordion-minus fa-fw\"><\/i><\/div><div class=\"responsive-accordion-panel\"style=\"background-color:;padding:12px;color:;font-size:14px\"><p class=\"p1\">No. Es una convocatoria que se abre a las distintas concejal\u00edas, \u00e1reas o servicios del propio Ayuntamiento para que presenten sus propuestas de actuaci\u00f3n mediante la ejecuci\u00f3n de operaciones concretas que cubran los objetivos en la propia estrategia.<\/p>\n<p class=\"p1\">No obstante, para implementar la estrategia se tienen en cuenta y se incluyen tanto a la ciudadan\u00eda como los agentes econ\u00f3micos y de desarrollo y otros de inter\u00e9s, a trav\u00e9s de la participaci\u00f3n ciudadana (mesas de trabajo, encuestas,\u2026), con el fin de obtener una estrategia real que de soluci\u00f3n a la problem\u00e1tica social, econ\u00f3mica, medio ambiental,\u2026 del municipio.<\/p>\n<\/div><\/li><li><div class=\"responsive-accordion-head\" style=\"background-color:\"><span style=\"color:;font-size:15px\">\u00bfQu\u00e9 plazos se establecen para presentar una solicitud de &quot;Expresi\u00f3n de inter\u00e9s&quot;?<\/span><i class=\"fa fa-chevron-down responsive-accordion-plus fa-fw\"><\/i><i class=\"fa fa-chevron-up responsive-accordion-minus fa-fw\"><\/i><\/div><div class=\"responsive-accordion-panel\"style=\"background-color:;padding:12px;color:;font-size:14px\"><p class=\"p1\">No hay plazos. Desde que se abre y publica la convocatoria, \u00e9sta permanece abierta hasta la finalizaci\u00f3n del programa operativo europeo y su per\u00edodo de aplicaci\u00f3n, en este caso, hasta el 31 de diciembre de 2023, teniendo en cuenta que cualquier operaci\u00f3n planteada debe estar totalmente ejecutada y cerrada (incluso materialmente abonada) antes de dicha fecha.<\/p>\n<\/div><\/li><li><div class=\"responsive-accordion-head\" style=\"background-color:\"><span style=\"color:;font-size:15px\">\u00bfQu\u00e9 es un DECA?<\/span><i class=\"fa fa-chevron-down responsive-accordion-plus fa-fw\"><\/i><i class=\"fa fa-chevron-up responsive-accordion-minus fa-fw\"><\/i><\/div><div class=\"responsive-accordion-panel\"style=\"background-color:;padding:12px;color:;font-size:14px\"><p class=\"p1\">DECA es el acr\u00f3nimo de Documento que Establece las Condiciones de la Ayuda.<\/p>\n<p class=\"p1\">Es un documento en el que se establecen las condiciones de cada ayuda FEDER que recibe un beneficiario para una determinada operaci\u00f3n.<\/p>\n<\/div><\/li><li><div class=\"responsive-accordion-head\" style=\"background-color:\"><span style=\"color:;font-size:15px\">\u00bfQu\u00e9 es un Plan de Implementaci\u00f3n?<\/span><i class=\"fa fa-chevron-down responsive-accordion-plus fa-fw\"><\/i><i class=\"fa fa-chevron-up responsive-accordion-minus fa-fw\"><\/i><\/div><div class=\"responsive-accordion-panel\"style=\"background-color:;padding:12px;color:;font-size:14px\"><p class=\"p1\">Es parte de la estrategia Maracena Sostenible II.<\/p>\n<p class=\"p1\">El gobierno municipal, con el conforme de las otras administraciones implicadas tanto estatales como europeas, deciden qu\u00e9 actuaciones quiere que cofinancie la Uni\u00f3n Europea a trav\u00e9s de sus Fondos Europeos de Desarrollo Regional (m\u00e1s conocidos como fondos FEDER) en un 80%. Eso supone por tanto, un control de ejecuci\u00f3n y financiero muy exhaustivo, as\u00ed como el cumplimiento de la puesta en marcha de determinadas l\u00edneas de actuaci\u00f3n.<\/p>\n<\/div><\/li><\/ul><\/div>\n\n\n<div class=\"container theme1\" style=\"width:100%; height:auto\"><ul class=\"responsive-accordion responsive-accordion-default bm-larger\"><li><div class=\"responsive-accordion-head\" style=\"background-color:\"><span style=\"color:;font-size:15px\">\u00bfCu\u00e1nto se va a gastar el Ayuntamiento en la aplicaci\u00f3n de esta estrategia?<\/span><i class=\"fa fa-chevron-down responsive-accordion-plus fa-fw\"><\/i><i class=\"fa fa-chevron-up responsive-accordion-minus fa-fw\"><\/i><\/div><div class=\"responsive-accordion-panel\"style=\"background-color:;padding:12px;color:;font-size:14px\"><p class=\"p1\">La estrategia global supone un desembolso total de 6.250.000\u20ac para el per\u00edodo 2017-2023. Europa financia a trav\u00e9s de sus fondos FEDER un 80% (5.000.000 millones de euros) y el 20% restante los asume el Ayuntamiento, es decir, 1.250.000 \u20ac.<\/p>\n<\/div><\/li><\/ul><\/div>\n","protected":false},"excerpt":{"rendered":"<p>PREGUNTAS FRECUENTES DEL CIUDADANO En esta secci\u00f3n de Preguntas Frecuentes intentaremos resolver de una manera concisa y sencilla aquellas preguntas que nos puedan presentar las personas interesadas en este tema.<\/p>\n","protected":false},"author":1,"featured_media":0,"parent":0,"menu_order":0,"comment_status":"closed","ping_status":"closed","template":"","meta":{"footnotes":""},"class_list":["post-313","page","type-page","status-publish","hentry"],"_links":{"self":[{"href":"https:\/\/www.maracena.es\/edusi\/index.php?rest_route=\/wp\/v2\/pages\/313","targetHints":{"allow":["GET"]}}],"collection":[{"href":"https:\/\/www.maracena.es\/edusi\/index.php?rest_route=\/wp\/v2\/pages"}],"about":[{"href":"https:\/\/www.maracena.es\/edusi\/index.php?rest_route=\/wp\/v2\/types\/page"}],"author":[{"embeddable":true,"href":"https:\/\/www.maracena.es\/edusi\/index.php?rest_route=\/wp\/v2\/users\/1"}],"replies":[{"embeddable":true,"href":"https:\/\/www.maracena.es\/edusi\/index.php?rest_route=%2Fwp%2Fv2%2Fcomments&post=313"}],"version-history":[{"count":5,"href":"https:\/\/www.maracena.es\/edusi\/index.php?rest_route=\/wp\/v2\/pages\/313\/revisions"}],"predecessor-version":[{"id":534,"href":"https:\/\/www.maracena.es\/edusi\/index.php?rest_route=\/wp\/v2\/pages\/313\/revisions\/534"}],"wp:attachment":[{"href":"https:\/\/www.maracena.es\/edusi\/index.php?rest_route=%2Fwp%2Fv2%2Fmedia&parent=313"}],"curies":[{"name":"wp","href":"https:\/\/api.w.org\/{rel}","templated":true}]}}