{"id":398,"date":"2021-04-07T13:23:40","date_gmt":"2021-04-07T13:23:40","guid":{"rendered":"https:\/\/www.maracena.es\/edusi\/?page_id=398"},"modified":"2021-10-25T10:03:19","modified_gmt":"2021-10-25T10:03:19","slug":"objetivo-tematico-4-ot4","status":"publish","type":"page","link":"https:\/\/www.maracena.es\/edusi\/?page_id=398","title":{"rendered":"Objetivo tem\u00e1tico 4 (OT4)"},"content":{"rendered":"\n<figure class=\"wp-block-image size-large\"><img fetchpriority=\"high\" decoding=\"async\" width=\"1024\" height=\"341\" src=\"http:\/\/www.maracena.es\/edusi\/wp-content\/uploads\/2021\/04\/OT4-1024x341.jpg\" alt=\"\" class=\"wp-image-392\" srcset=\"https:\/\/www.maracena.es\/edusi\/wp-content\/uploads\/2021\/04\/OT4-1024x341.jpg 1024w, https:\/\/www.maracena.es\/edusi\/wp-content\/uploads\/2021\/04\/OT4-300x100.jpg 300w, https:\/\/www.maracena.es\/edusi\/wp-content\/uploads\/2021\/04\/OT4-768x256.jpg 768w, https:\/\/www.maracena.es\/edusi\/wp-content\/uploads\/2021\/04\/OT4.jpg 1100w\" sizes=\"(max-width: 1024px) 100vw, 1024px\" \/><\/figure>\n\n\n\n<ul class=\"wp-block-list\"><li><a href=\"http:\/\/www.maracena.es\/edusi\/wp-content\/uploads\/2018\/09\/LA3.pdf\">L\u00ednea 3: Fomento de la movilidad urbana sostenible. (pdf)<\/a><ul><li><a href=\"http:\/\/www.maracena.es\/edusi\/wp-content\/uploads\/2021\/05\/20200828_Otros_SF-FOMENTO_MUS_19082020.pdf\">Solicitud de financiaci\u00f3n<\/a><\/li><li><a href=\"http:\/\/www.maracena.es\/edusi\/wp-content\/uploads\/2021\/05\/20200917_Informe_DECA_Maracena_MUS.pdf\">DECA<\/a><\/li><\/ul><\/li><li><a href=\"http:\/\/www.maracena.es\/edusi\/wp-content\/uploads\/2018\/09\/LA4.pdf\">L\u00ednea 4: Rehabilitaci\u00f3n energ\u00e9tica de edificios p\u00fablicos. (pdf)<\/a><ul><li><a href=\"http:\/\/www.maracena.es\/edusi\/wp-content\/uploads\/2021\/05\/20190115_FSO-7-SFO-REMODELACION-DE-LAS-INSTALACIONES-DE-CALEFACCION.pdf\">Solicitud de financiaci\u00f3n<\/a><\/li><li><a href=\"http:\/\/www.maracena.es\/edusi\/wp-content\/uploads\/2021\/05\/20190117_DECA-REMODELACION-DE-LAS-INSTALACIONES-DE-CALEFACCION-FSO-1-DECA.pdf\">DECA<\/a><\/li><\/ul><\/li><li><a href=\"http:\/\/www.maracena.es\/edusi\/wp-content\/uploads\/2018\/09\/LA5.pdf\">L\u00ednea 5: Plan de mejora energ\u00e9tica del alumbrado exterior municipal. (pdf)<\/a><ul><li><a href=\"http:\/\/www.maracena.es\/edusi\/wp-content\/uploads\/2021\/05\/20210210_Solicitud_SF_MEJORA-ALUMBRADO-MUNICIPAL_10022021.pdf\">Solicitud de financiaci\u00f3n<\/a><\/li><li><a href=\"http:\/\/www.maracena.es\/edusi\/wp-content\/uploads\/2021\/05\/20210218_Otros_DECA_Maracena_ALUMBRADO.pdf\">DECA<\/a><\/li><li><a href=\"http:\/\/www.maracena.es\/edusi\/wp-content\/uploads\/2021\/05\/AF_lona_de_obra_225x180.pdf\">Cartel de obra<\/a><\/li><\/ul><\/li><\/ul>\n\n\n\n<p><\/p>\n","protected":false},"excerpt":{"rendered":"<p>L\u00ednea 3: Fomento de la movilidad urbana sostenible. (pdf) Solicitud de financiaci\u00f3n DECA L\u00ednea 4: Rehabilitaci\u00f3n energ\u00e9tica de edificios p\u00fablicos. (pdf) Solicitud de financiaci\u00f3n DECA L\u00ednea 5: Plan de mejora energ\u00e9tica del alumbrado exterior municipal. (pdf) Solicitud de financiaci\u00f3n DECA Cartel de obra<\/p>\n","protected":false},"author":1,"featured_media":0,"parent":0,"menu_order":0,"comment_status":"closed","ping_status":"closed","template":"","meta":{"footnotes":""},"class_list":["post-398","page","type-page","status-publish","hentry"],"_links":{"self":[{"href":"https:\/\/www.maracena.es\/edusi\/index.php?rest_route=\/wp\/v2\/pages\/398","targetHints":{"allow":["GET"]}}],"collection":[{"href":"https:\/\/www.maracena.es\/edusi\/index.php?rest_route=\/wp\/v2\/pages"}],"about":[{"href":"https:\/\/www.maracena.es\/edusi\/index.php?rest_route=\/wp\/v2\/types\/page"}],"author":[{"embeddable":true,"href":"https:\/\/www.maracena.es\/edusi\/index.php?rest_route=\/wp\/v2\/users\/1"}],"replies":[{"embeddable":true,"href":"https:\/\/www.maracena.es\/edusi\/index.php?rest_route=%2Fwp%2Fv2%2Fcomments&post=398"}],"version-history":[{"count":6,"href":"https:\/\/www.maracena.es\/edusi\/index.php?rest_route=\/wp\/v2\/pages\/398\/revisions"}],"predecessor-version":[{"id":613,"href":"https:\/\/www.maracena.es\/edusi\/index.php?rest_route=\/wp\/v2\/pages\/398\/revisions\/613"}],"wp:attachment":[{"href":"https:\/\/www.maracena.es\/edusi\/index.php?rest_route=%2Fwp%2Fv2%2Fmedia&parent=398"}],"curies":[{"name":"wp","href":"https:\/\/api.w.org\/{rel}","templated":true}]}}