{"id":400,"date":"2021-04-07T13:25:02","date_gmt":"2021-04-07T13:25:02","guid":{"rendered":"https:\/\/www.maracena.es\/edusi\/?page_id=400"},"modified":"2023-10-11T10:18:17","modified_gmt":"2023-10-11T10:18:17","slug":"objetivo-tematico-9-ot9","status":"publish","type":"page","link":"https:\/\/www.maracena.es\/edusi\/?page_id=400","title":{"rendered":"Objetivo tem\u00e1tico 9 (OT9)"},"content":{"rendered":"\n<figure class=\"wp-block-image size-large\"><img fetchpriority=\"high\" decoding=\"async\" width=\"1024\" height=\"343\" src=\"http:\/\/www.maracena.es\/edusi\/wp-content\/uploads\/2021\/04\/OT9-1024x343.jpg\" alt=\"\" class=\"wp-image-394\" srcset=\"https:\/\/www.maracena.es\/edusi\/wp-content\/uploads\/2021\/04\/OT9-1024x343.jpg 1024w, https:\/\/www.maracena.es\/edusi\/wp-content\/uploads\/2021\/04\/OT9-300x101.jpg 300w, https:\/\/www.maracena.es\/edusi\/wp-content\/uploads\/2021\/04\/OT9-768x257.jpg 768w, https:\/\/www.maracena.es\/edusi\/wp-content\/uploads\/2021\/04\/OT9.jpg 1098w\" sizes=\"(max-width: 1024px) 100vw, 1024px\" \/><\/figure>\n\n\n\n<ul class=\"wp-block-list\">\n<li><a href=\"http:\/\/www.maracena.es\/edusi\/wp-content\/uploads\/2018\/09\/LA8.pdf\">L\u00ednea 8: Regeneraci\u00f3n econ\u00f3mica mediante la rehabilitaci\u00f3n del tejido productivo y la creaci\u00f3n de empleo. (pdf)<\/a>\n<ul class=\"wp-block-list\">\n<li>Solicitud de financiaci\u00f3n<\/li>\n\n\n\n<li>DECA<\/li>\n<\/ul>\n<\/li>\n\n\n\n<li><a href=\"http:\/\/www.maracena.es\/edusi\/wp-content\/uploads\/2018\/09\/LA9.pdf\">L\u00ednea 9: Revitalizaci\u00f3n del espacio p\u00fablico en comunidades urbanas desfavorecidas. (pdf)<\/a>\n<ul class=\"wp-block-list\">\n<li><a href=\"http:\/\/www.maracena.es\/edusi\/wp-content\/uploads\/2021\/05\/FSO-7-SFO-PARQUE-28-DE-FEBRERO_version2.pdf\">Solicitud de financiaci\u00f3n<\/a><\/li>\n\n\n\n<li><a href=\"http:\/\/www.maracena.es\/edusi\/wp-content\/uploads\/2021\/05\/20210218_Otros_DECA_Maracena_PARQUE28FEBRERO.pdf\">DECA<\/a><\/li>\n<\/ul>\n<\/li>\n\n\n\n<li><a href=\"http:\/\/www.maracena.es\/edusi\/wp-content\/uploads\/2018\/09\/LA10.pdf\">L\u00ednea 10: Maracena social, educadora y saludable. (pdf)<\/a>\n<ul class=\"wp-block-list\">\n<li><a href=\"http:\/\/www.maracena.es\/edusi\/wp-content\/uploads\/2021\/11\/20210723_Solicitud_SF_MARACENA-SOCIAL-EDUCADORA-E-IGUALITARIA_22072021.pdf\">Solicitud de financiaci\u00f3n<\/a><\/li>\n\n\n\n<li><a href=\"http:\/\/www.maracena.es\/edusi\/wp-content\/uploads\/2022\/03\/ADENDA_DECA_MARACENA_SOCIAL_LA10_firmada.pdf\">ADENDA<\/a><\/li>\n<\/ul>\n<\/li>\n\n\n\n<li><a href=\"http:\/\/www.maracena.es\/edusi\/wp-content\/uploads\/2018\/09\/LA11.pdf\">L\u00ednea 11: Enfoque de g\u00e9nero en empresas y ciudadan\u00eda. (pdf)<\/a>\n<ul class=\"wp-block-list\">\n<li><a href=\"http:\/\/www.maracena.es\/edusi\/wp-content\/uploads\/2023\/10\/20230330_Solicitud_SF_ENFOQUE_DE_GENERO_300323.pdf\">Solicitud de financiaci\u00f3n<\/a><\/li>\n\n\n\n<li><a href=\"http:\/\/www.maracena.es\/edusi\/wp-content\/uploads\/2023\/10\/20230412_5.-DECA_Maracena_LA11.pdf\">DECA<\/a><\/li>\n<\/ul>\n<\/li>\n<\/ul>\n\n\n\n<h2 class=\"wp-block-heading\">Evidencias Fotogr\u00e1ficas de la Ejecucci\u00f3n<\/h2>\n\n\n\n<ul class=\"wp-block-list\">\n<li><a href=\"https:\/\/www.maracena.es\/edusi\/?page_id=558\">Remodelaci\u00f3n barrios en \u00e1reas desfavorecidas de Maracena<\/a><\/li>\n<\/ul>\n\n\n\n<p><\/p>\n","protected":false},"excerpt":{"rendered":"<p>Evidencias Fotogr\u00e1ficas de la Ejecucci\u00f3n<\/p>\n","protected":false},"author":1,"featured_media":0,"parent":0,"menu_order":0,"comment_status":"closed","ping_status":"closed","template":"","meta":{"footnotes":""},"class_list":["post-400","page","type-page","status-publish","hentry"],"_links":{"self":[{"href":"https:\/\/www.maracena.es\/edusi\/index.php?rest_route=\/wp\/v2\/pages\/400","targetHints":{"allow":["GET"]}}],"collection":[{"href":"https:\/\/www.maracena.es\/edusi\/index.php?rest_route=\/wp\/v2\/pages"}],"about":[{"href":"https:\/\/www.maracena.es\/edusi\/index.php?rest_route=\/wp\/v2\/types\/page"}],"author":[{"embeddable":true,"href":"https:\/\/www.maracena.es\/edusi\/index.php?rest_route=\/wp\/v2\/users\/1"}],"replies":[{"embeddable":true,"href":"https:\/\/www.maracena.es\/edusi\/index.php?rest_route=%2Fwp%2Fv2%2Fcomments&post=400"}],"version-history":[{"count":9,"href":"https:\/\/www.maracena.es\/edusi\/index.php?rest_route=\/wp\/v2\/pages\/400\/revisions"}],"predecessor-version":[{"id":776,"href":"https:\/\/www.maracena.es\/edusi\/index.php?rest_route=\/wp\/v2\/pages\/400\/revisions\/776"}],"wp:attachment":[{"href":"https:\/\/www.maracena.es\/edusi\/index.php?rest_route=%2Fwp%2Fv2%2Fmedia&parent=400"}],"curies":[{"name":"wp","href":"https:\/\/api.w.org\/{rel}","templated":true}]}}