{"id":401,"date":"2021-04-07T13:24:27","date_gmt":"2021-04-07T13:24:27","guid":{"rendered":"https:\/\/www.maracena.es\/edusi\/?page_id=401"},"modified":"2021-10-07T13:25:41","modified_gmt":"2021-10-07T13:25:41","slug":"objetivo-tematico-6-ot6","status":"publish","type":"page","link":"https:\/\/www.maracena.es\/edusi\/?page_id=401","title":{"rendered":"Objetivo tem\u00e1tico 6 (OT6)"},"content":{"rendered":"\n<figure class=\"wp-block-image size-large\"><img fetchpriority=\"high\" decoding=\"async\" width=\"1024\" height=\"341\" src=\"http:\/\/www.maracena.es\/edusi\/wp-content\/uploads\/2021\/04\/OT6-1024x341.jpg\" alt=\"\" class=\"wp-image-393\" srcset=\"https:\/\/www.maracena.es\/edusi\/wp-content\/uploads\/2021\/04\/OT6-1024x341.jpg 1024w, https:\/\/www.maracena.es\/edusi\/wp-content\/uploads\/2021\/04\/OT6-300x100.jpg 300w, https:\/\/www.maracena.es\/edusi\/wp-content\/uploads\/2021\/04\/OT6-768x256.jpg 768w, https:\/\/www.maracena.es\/edusi\/wp-content\/uploads\/2021\/04\/OT6.jpg 1094w\" sizes=\"(max-width: 1024px) 100vw, 1024px\" \/><\/figure>\n\n\n\n<ul class=\"wp-block-list\"><li><a href=\"http:\/\/www.maracena.es\/edusi\/wp-content\/uploads\/2018\/09\/LA6.pdf\">L\u00ednea 6: Inversiones en infraestructuras culturales. (pdf)<\/a><ul><li><a href=\"http:\/\/www.maracena.es\/edusi\/wp-content\/uploads\/2021\/05\/20181123_FSO-7-SFO-OBRAS-DEL-ESPACIO-SOCIO-CULTURAL-MARACENA-2.pdf\">Solicitud de financiaci\u00f3n<\/a><\/li><li><a href=\"http:\/\/www.maracena.es\/edusi\/wp-content\/uploads\/2021\/05\/deca-l6.pdf\">DECA<\/a><\/li><\/ul><\/li><li><a href=\"http:\/\/www.maracena.es\/edusi\/wp-content\/uploads\/2018\/09\/LA7.pdf\">L\u00ednea 7: Rehabilitaci\u00f3n integrada de suelos urbanos. (pdf)<\/a><ul><li>Solicitud de financiaci\u00f3n<\/li><li>DECA<\/li><\/ul><\/li><\/ul>\n\n\n\n<h2 class=\"wp-block-heading\">Evidencias Fotogr\u00e1ficas de la Ejecucci\u00f3n<\/h2>\n\n\n\n<ul class=\"wp-block-list\"><li><a href=\"https:\/\/www.maracena.es\/edusi\/?page_id=558\">Terminaci\u00f3n Espacio socio-cultural de Maracena.<\/a><\/li><\/ul>\n\n\n\n<p><\/p>\n","protected":false},"excerpt":{"rendered":"<p>L\u00ednea 6: Inversiones en infraestructuras culturales. (pdf) Solicitud de financiaci\u00f3n DECA L\u00ednea 7: Rehabilitaci\u00f3n integrada de suelos urbanos. (pdf) Solicitud de financiaci\u00f3n DECA Evidencias Fotogr\u00e1ficas de la Ejecucci\u00f3n Terminaci\u00f3n Espacio socio-cultural de Maracena.<\/p>\n","protected":false},"author":1,"featured_media":0,"parent":0,"menu_order":0,"comment_status":"closed","ping_status":"closed","template":"","meta":{"footnotes":""},"class_list":["post-401","page","type-page","status-publish","hentry"],"_links":{"self":[{"href":"https:\/\/www.maracena.es\/edusi\/index.php?rest_route=\/wp\/v2\/pages\/401","targetHints":{"allow":["GET"]}}],"collection":[{"href":"https:\/\/www.maracena.es\/edusi\/index.php?rest_route=\/wp\/v2\/pages"}],"about":[{"href":"https:\/\/www.maracena.es\/edusi\/index.php?rest_route=\/wp\/v2\/types\/page"}],"author":[{"embeddable":true,"href":"https:\/\/www.maracena.es\/edusi\/index.php?rest_route=\/wp\/v2\/users\/1"}],"replies":[{"embeddable":true,"href":"https:\/\/www.maracena.es\/edusi\/index.php?rest_route=%2Fwp%2Fv2%2Fcomments&post=401"}],"version-history":[{"count":7,"href":"https:\/\/www.maracena.es\/edusi\/index.php?rest_route=\/wp\/v2\/pages\/401\/revisions"}],"predecessor-version":[{"id":576,"href":"https:\/\/www.maracena.es\/edusi\/index.php?rest_route=\/wp\/v2\/pages\/401\/revisions\/576"}],"wp:attachment":[{"href":"https:\/\/www.maracena.es\/edusi\/index.php?rest_route=%2Fwp%2Fv2%2Fmedia&parent=401"}],"curies":[{"name":"wp","href":"https:\/\/api.w.org\/{rel}","templated":true}]}}