{"id":41,"date":"2018-01-09T09:33:32","date_gmt":"2018-01-09T09:33:32","guid":{"rendered":"http:\/\/www.maracena.es\/edusi\/?page_id=41"},"modified":"2018-09-26T11:15:50","modified_gmt":"2018-09-26T11:15:50","slug":"antifraude","status":"publish","type":"page","link":"https:\/\/www.maracena.es\/edusi\/?page_id=41","title":{"rendered":"Seguimiento de la Estrategia"},"content":{"rendered":"<h3><a href=\"http:\/\/www.maracena.es\/edusi\/wp-content\/uploads\/2018\/09\/Manual-de-Comunicacion-FEDER.pdf\"><strong>MANUAL DE COMUNICACI\u00d3N FEDER<\/strong> <strong>(pdf<\/strong><\/a><strong>)<\/strong><\/h3>\n<hr \/>\n<p><strong>INDICADORES ESTRATEGIA<\/strong><\/p>\n<ul>\n<li><a href=\"http:\/\/www.maracena.es\/edusi\/?page_id=9\"><strong>Indicadores productividad: se pueden ver en el detalle de cada l\u00ednea de actuaci\u00f3n.<\/strong><\/a><\/li>\n<\/ul>\n<h3><\/h3>\n","protected":false},"excerpt":{"rendered":"<p>MANUAL DE COMUNICACI\u00d3N FEDER (pdf) INDICADORES ESTRATEGIA Indicadores productividad: se pueden ver en el detalle de cada l\u00ednea de actuaci\u00f3n.<\/p>\n","protected":false},"author":2,"featured_media":0,"parent":0,"menu_order":0,"comment_status":"closed","ping_status":"closed","template":"","meta":{"footnotes":""},"class_list":["post-41","page","type-page","status-publish","hentry"],"_links":{"self":[{"href":"https:\/\/www.maracena.es\/edusi\/index.php?rest_route=\/wp\/v2\/pages\/41","targetHints":{"allow":["GET"]}}],"collection":[{"href":"https:\/\/www.maracena.es\/edusi\/index.php?rest_route=\/wp\/v2\/pages"}],"about":[{"href":"https:\/\/www.maracena.es\/edusi\/index.php?rest_route=\/wp\/v2\/types\/page"}],"author":[{"embeddable":true,"href":"https:\/\/www.maracena.es\/edusi\/index.php?rest_route=\/wp\/v2\/users\/2"}],"replies":[{"embeddable":true,"href":"https:\/\/www.maracena.es\/edusi\/index.php?rest_route=%2Fwp%2Fv2%2Fcomments&post=41"}],"version-history":[{"count":13,"href":"https:\/\/www.maracena.es\/edusi\/index.php?rest_route=\/wp\/v2\/pages\/41\/revisions"}],"predecessor-version":[{"id":181,"href":"https:\/\/www.maracena.es\/edusi\/index.php?rest_route=\/wp\/v2\/pages\/41\/revisions\/181"}],"wp:attachment":[{"href":"https:\/\/www.maracena.es\/edusi\/index.php?rest_route=%2Fwp%2Fv2%2Fmedia&parent=41"}],"curies":[{"name":"wp","href":"https:\/\/api.w.org\/{rel}","templated":true}]}}