{"id":558,"date":"2021-10-07T11:37:44","date_gmt":"2021-10-07T11:37:44","guid":{"rendered":"https:\/\/www.maracena.es\/edusi\/?page_id=558"},"modified":"2021-10-07T11:43:01","modified_gmt":"2021-10-07T11:43:01","slug":"operacion-remodelacion-de-centro-de-servicios-sociales-en-maracena-remodelacion-de-barrios-en-areas-desfavorecidas-de-maracena-terminacion-espacio-socio-cultural-de-maracena","status":"publish","type":"page","link":"https:\/\/www.maracena.es\/edusi\/?page_id=558","title":{"rendered":"Operaci\u00f3n: Remodelaci\u00f3n de Centro de Servicios Sociales en Maracena, Remodelaci\u00f3n de Barrios en \u00c1reas Desfavorecidas de Maracena, Terminaci\u00f3n Espacio Socio-Cultural de Maracena."},"content":{"rendered":"\n<figure class=\"wp-block-gallery columns-3 is-cropped wp-block-gallery-1 is-layout-flex wp-block-gallery-is-layout-flex\"><ul class=\"blocks-gallery-grid\"><li class=\"blocks-gallery-item\"><figure><img fetchpriority=\"high\" decoding=\"async\" width=\"1024\" height=\"576\" src=\"https:\/\/www.maracena.es\/edusi\/wp-content\/uploads\/2021\/10\/40dff1c0-fa47-4315-9b63-5b255856d45a-1024x576.jpg\" alt=\"\" data-id=\"559\" data-full-url=\"https:\/\/www.maracena.es\/edusi\/wp-content\/uploads\/2021\/10\/40dff1c0-fa47-4315-9b63-5b255856d45a.jpg\" data-link=\"https:\/\/www.maracena.es\/edusi\/?attachment_id=559\" class=\"wp-image-559\" srcset=\"https:\/\/www.maracena.es\/edusi\/wp-content\/uploads\/2021\/10\/40dff1c0-fa47-4315-9b63-5b255856d45a-1024x576.jpg 1024w, https:\/\/www.maracena.es\/edusi\/wp-content\/uploads\/2021\/10\/40dff1c0-fa47-4315-9b63-5b255856d45a-300x169.jpg 300w, https:\/\/www.maracena.es\/edusi\/wp-content\/uploads\/2021\/10\/40dff1c0-fa47-4315-9b63-5b255856d45a-768x432.jpg 768w, https:\/\/www.maracena.es\/edusi\/wp-content\/uploads\/2021\/10\/40dff1c0-fa47-4315-9b63-5b255856d45a.jpg 1328w\" sizes=\"(max-width: 1024px) 100vw, 1024px\" \/><\/figure><\/li><li class=\"blocks-gallery-item\"><figure><img decoding=\"async\" width=\"768\" height=\"1024\" src=\"https:\/\/www.maracena.es\/edusi\/wp-content\/uploads\/2021\/10\/3978c587-b1ee-4d66-9a73-a69a46b0b62c-768x1024.jpg\" alt=\"\" data-id=\"560\" data-full-url=\"https:\/\/www.maracena.es\/edusi\/wp-content\/uploads\/2021\/10\/3978c587-b1ee-4d66-9a73-a69a46b0b62c.jpg\" data-link=\"https:\/\/www.maracena.es\/edusi\/?attachment_id=560\" class=\"wp-image-560\" srcset=\"https:\/\/www.maracena.es\/edusi\/wp-content\/uploads\/2021\/10\/3978c587-b1ee-4d66-9a73-a69a46b0b62c-768x1023.jpg 768w, https:\/\/www.maracena.es\/edusi\/wp-content\/uploads\/2021\/10\/3978c587-b1ee-4d66-9a73-a69a46b0b62c-225x300.jpg 225w, https:\/\/www.maracena.es\/edusi\/wp-content\/uploads\/2021\/10\/3978c587-b1ee-4d66-9a73-a69a46b0b62c-1153x1536.jpg 1153w, https:\/\/www.maracena.es\/edusi\/wp-content\/uploads\/2021\/10\/3978c587-b1ee-4d66-9a73-a69a46b0b62c.jpg 1200w\" sizes=\"(max-width: 768px) 100vw, 768px\" \/><\/figure><\/li><li class=\"blocks-gallery-item\"><figure><img decoding=\"async\" width=\"1024\" height=\"768\" src=\"https:\/\/www.maracena.es\/edusi\/wp-content\/uploads\/2021\/10\/IMG_20191112_125016-1024x768.jpg\" alt=\"\" data-id=\"561\" data-full-url=\"https:\/\/www.maracena.es\/edusi\/wp-content\/uploads\/2021\/10\/IMG_20191112_125016-scaled.jpg\" data-link=\"https:\/\/www.maracena.es\/edusi\/?attachment_id=561\" class=\"wp-image-561\" srcset=\"https:\/\/www.maracena.es\/edusi\/wp-content\/uploads\/2021\/10\/IMG_20191112_125016-1024x768.jpg 1024w, https:\/\/www.maracena.es\/edusi\/wp-content\/uploads\/2021\/10\/IMG_20191112_125016-300x225.jpg 300w, https:\/\/www.maracena.es\/edusi\/wp-content\/uploads\/2021\/10\/IMG_20191112_125016-768x576.jpg 768w, https:\/\/www.maracena.es\/edusi\/wp-content\/uploads\/2021\/10\/IMG_20191112_125016-1536x1152.jpg 1536w, https:\/\/www.maracena.es\/edusi\/wp-content\/uploads\/2021\/10\/IMG_20191112_125016-2048x1536.jpg 2048w\" sizes=\"(max-width: 1024px) 100vw, 1024px\" \/><\/figure><\/li><li class=\"blocks-gallery-item\"><figure><img loading=\"lazy\" decoding=\"async\" width=\"1024\" height=\"769\" src=\"https:\/\/www.maracena.es\/edusi\/wp-content\/uploads\/2021\/10\/IMG_20191211_104433-1024x769.jpg\" alt=\"\" data-id=\"562\" data-full-url=\"https:\/\/www.maracena.es\/edusi\/wp-content\/uploads\/2021\/10\/IMG_20191211_104433-scaled.jpg\" data-link=\"https:\/\/www.maracena.es\/edusi\/?attachment_id=562\" class=\"wp-image-562\" srcset=\"https:\/\/www.maracena.es\/edusi\/wp-content\/uploads\/2021\/10\/IMG_20191211_104433-1024x769.jpg 1024w, https:\/\/www.maracena.es\/edusi\/wp-content\/uploads\/2021\/10\/IMG_20191211_104433-300x225.jpg 300w, https:\/\/www.maracena.es\/edusi\/wp-content\/uploads\/2021\/10\/IMG_20191211_104433-768x577.jpg 768w, https:\/\/www.maracena.es\/edusi\/wp-content\/uploads\/2021\/10\/IMG_20191211_104433-1536x1153.jpg 1536w, https:\/\/www.maracena.es\/edusi\/wp-content\/uploads\/2021\/10\/IMG_20191211_104433-2048x1538.jpg 2048w\" sizes=\"(max-width: 1024px) 100vw, 1024px\" \/><\/figure><\/li><li class=\"blocks-gallery-item\"><figure><img loading=\"lazy\" decoding=\"async\" width=\"1024\" height=\"769\" src=\"https:\/\/www.maracena.es\/edusi\/wp-content\/uploads\/2021\/10\/IMG_20191211_105042-1024x769.jpg\" alt=\"\" data-id=\"563\" data-full-url=\"https:\/\/www.maracena.es\/edusi\/wp-content\/uploads\/2021\/10\/IMG_20191211_105042-scaled.jpg\" data-link=\"https:\/\/www.maracena.es\/edusi\/?attachment_id=563\" class=\"wp-image-563\" srcset=\"https:\/\/www.maracena.es\/edusi\/wp-content\/uploads\/2021\/10\/IMG_20191211_105042-1024x769.jpg 1024w, https:\/\/www.maracena.es\/edusi\/wp-content\/uploads\/2021\/10\/IMG_20191211_105042-300x225.jpg 300w, https:\/\/www.maracena.es\/edusi\/wp-content\/uploads\/2021\/10\/IMG_20191211_105042-768x577.jpg 768w, https:\/\/www.maracena.es\/edusi\/wp-content\/uploads\/2021\/10\/IMG_20191211_105042-1536x1153.jpg 1536w, https:\/\/www.maracena.es\/edusi\/wp-content\/uploads\/2021\/10\/IMG_20191211_105042-2048x1538.jpg 2048w\" sizes=\"(max-width: 1024px) 100vw, 1024px\" \/><\/figure><\/li><li class=\"blocks-gallery-item\"><figure><img loading=\"lazy\" decoding=\"async\" width=\"1024\" height=\"769\" src=\"https:\/\/www.maracena.es\/edusi\/wp-content\/uploads\/2021\/10\/IMG_20191218_135212-1024x769.jpg\" alt=\"\" data-id=\"564\" data-full-url=\"https:\/\/www.maracena.es\/edusi\/wp-content\/uploads\/2021\/10\/IMG_20191218_135212-scaled.jpg\" data-link=\"https:\/\/www.maracena.es\/edusi\/?attachment_id=564\" class=\"wp-image-564\" srcset=\"https:\/\/www.maracena.es\/edusi\/wp-content\/uploads\/2021\/10\/IMG_20191218_135212-1024x769.jpg 1024w, https:\/\/www.maracena.es\/edusi\/wp-content\/uploads\/2021\/10\/IMG_20191218_135212-300x225.jpg 300w, https:\/\/www.maracena.es\/edusi\/wp-content\/uploads\/2021\/10\/IMG_20191218_135212-768x577.jpg 768w, https:\/\/www.maracena.es\/edusi\/wp-content\/uploads\/2021\/10\/IMG_20191218_135212-1536x1153.jpg 1536w, https:\/\/www.maracena.es\/edusi\/wp-content\/uploads\/2021\/10\/IMG_20191218_135212-2048x1538.jpg 2048w\" sizes=\"(max-width: 1024px) 100vw, 1024px\" \/><\/figure><\/li><li class=\"blocks-gallery-item\"><figure><img loading=\"lazy\" decoding=\"async\" width=\"1024\" height=\"769\" src=\"https:\/\/www.maracena.es\/edusi\/wp-content\/uploads\/2021\/10\/IMG_20200306_115707-1024x769.jpg\" alt=\"\" data-id=\"565\" data-full-url=\"https:\/\/www.maracena.es\/edusi\/wp-content\/uploads\/2021\/10\/IMG_20200306_115707-scaled.jpg\" data-link=\"https:\/\/www.maracena.es\/edusi\/?attachment_id=565\" class=\"wp-image-565\" srcset=\"https:\/\/www.maracena.es\/edusi\/wp-content\/uploads\/2021\/10\/IMG_20200306_115707-1024x769.jpg 1024w, https:\/\/www.maracena.es\/edusi\/wp-content\/uploads\/2021\/10\/IMG_20200306_115707-300x225.jpg 300w, https:\/\/www.maracena.es\/edusi\/wp-content\/uploads\/2021\/10\/IMG_20200306_115707-768x577.jpg 768w, https:\/\/www.maracena.es\/edusi\/wp-content\/uploads\/2021\/10\/IMG_20200306_115707-1536x1153.jpg 1536w, https:\/\/www.maracena.es\/edusi\/wp-content\/uploads\/2021\/10\/IMG_20200306_115707-2048x1538.jpg 2048w\" sizes=\"(max-width: 1024px) 100vw, 1024px\" \/><\/figure><\/li><li class=\"blocks-gallery-item\"><figure><img loading=\"lazy\" decoding=\"async\" width=\"1024\" height=\"769\" src=\"https:\/\/www.maracena.es\/edusi\/wp-content\/uploads\/2021\/10\/IMG_20200615_084533-1024x769.jpg\" alt=\"\" data-id=\"566\" data-full-url=\"https:\/\/www.maracena.es\/edusi\/wp-content\/uploads\/2021\/10\/IMG_20200615_084533-scaled.jpg\" data-link=\"https:\/\/www.maracena.es\/edusi\/?attachment_id=566\" class=\"wp-image-566\" srcset=\"https:\/\/www.maracena.es\/edusi\/wp-content\/uploads\/2021\/10\/IMG_20200615_084533-1024x769.jpg 1024w, https:\/\/www.maracena.es\/edusi\/wp-content\/uploads\/2021\/10\/IMG_20200615_084533-300x225.jpg 300w, https:\/\/www.maracena.es\/edusi\/wp-content\/uploads\/2021\/10\/IMG_20200615_084533-768x577.jpg 768w, https:\/\/www.maracena.es\/edusi\/wp-content\/uploads\/2021\/10\/IMG_20200615_084533-1536x1153.jpg 1536w, https:\/\/www.maracena.es\/edusi\/wp-content\/uploads\/2021\/10\/IMG_20200615_084533-2048x1538.jpg 2048w\" sizes=\"(max-width: 1024px) 100vw, 1024px\" \/><\/figure><\/li><li class=\"blocks-gallery-item\"><figure><img loading=\"lazy\" decoding=\"async\" width=\"1024\" height=\"769\" src=\"https:\/\/www.maracena.es\/edusi\/wp-content\/uploads\/2021\/10\/IMG_20200615_084737-1024x769.jpg\" alt=\"\" data-id=\"567\" data-full-url=\"https:\/\/www.maracena.es\/edusi\/wp-content\/uploads\/2021\/10\/IMG_20200615_084737-scaled.jpg\" data-link=\"https:\/\/www.maracena.es\/edusi\/?attachment_id=567\" class=\"wp-image-567\" srcset=\"https:\/\/www.maracena.es\/edusi\/wp-content\/uploads\/2021\/10\/IMG_20200615_084737-1024x769.jpg 1024w, https:\/\/www.maracena.es\/edusi\/wp-content\/uploads\/2021\/10\/IMG_20200615_084737-300x225.jpg 300w, https:\/\/www.maracena.es\/edusi\/wp-content\/uploads\/2021\/10\/IMG_20200615_084737-768x577.jpg 768w, https:\/\/www.maracena.es\/edusi\/wp-content\/uploads\/2021\/10\/IMG_20200615_084737-1536x1153.jpg 1536w, https:\/\/www.maracena.es\/edusi\/wp-content\/uploads\/2021\/10\/IMG_20200615_084737-2048x1538.jpg 2048w\" sizes=\"(max-width: 1024px) 100vw, 1024px\" \/><\/figure><\/li><\/ul><\/figure>\n","protected":false},"excerpt":{"rendered":"","protected":false},"author":1,"featured_media":0,"parent":0,"menu_order":0,"comment_status":"closed","ping_status":"closed","template":"","meta":{"footnotes":""},"class_list":["post-558","page","type-page","status-publish","hentry"],"_links":{"self":[{"href":"https:\/\/www.maracena.es\/edusi\/index.php?rest_route=\/wp\/v2\/pages\/558","targetHints":{"allow":["GET"]}}],"collection":[{"href":"https:\/\/www.maracena.es\/edusi\/index.php?rest_route=\/wp\/v2\/pages"}],"about":[{"href":"https:\/\/www.maracena.es\/edusi\/index.php?rest_route=\/wp\/v2\/types\/page"}],"author":[{"embeddable":true,"href":"https:\/\/www.maracena.es\/edusi\/index.php?rest_route=\/wp\/v2\/users\/1"}],"replies":[{"embeddable":true,"href":"https:\/\/www.maracena.es\/edusi\/index.php?rest_route=%2Fwp%2Fv2%2Fcomments&post=558"}],"version-history":[{"count":3,"href":"https:\/\/www.maracena.es\/edusi\/index.php?rest_route=\/wp\/v2\/pages\/558\/revisions"}],"predecessor-version":[{"id":572,"href":"https:\/\/www.maracena.es\/edusi\/index.php?rest_route=\/wp\/v2\/pages\/558\/revisions\/572"}],"wp:attachment":[{"href":"https:\/\/www.maracena.es\/edusi\/index.php?rest_route=%2Fwp%2Fv2%2Fmedia&parent=558"}],"curies":[{"name":"wp","href":"https:\/\/api.w.org\/{rel}","templated":true}]}}