{"id":60,"date":"2018-02-28T10:04:25","date_gmt":"2018-02-28T10:04:25","guid":{"rendered":"http:\/\/www.maracena.es\/edusi\/?page_id=60"},"modified":"2021-03-08T10:34:57","modified_gmt":"2021-03-08T10:34:57","slug":"operaciones","status":"publish","type":"page","link":"https:\/\/www.maracena.es\/edusi\/?page_id=60","title":{"rendered":"Participaci\u00f3n Ciudadana"},"content":{"rendered":"<h1><strong>PARA LA CIUDADAN\u00cdA.<\/strong><\/h1>\n<p>Los ciudadanos y ciudadanas de Maracena podr\u00e1n participar en las actividades abiertas a ellos que sean ejecutadas por las diferentes \u00e1reas municipales, que actuar\u00e1n de \u00e1reas ejecutoras. De estas actividades se dar\u00e1 amplia informaci\u00f3n.<\/p>\n<h3><strong>PROCESO PARTICIPATIVO: <\/strong>Elaboraci\u00f3n de la estrategia.<\/h3>\n<h3><strong>EVENTOS<\/strong><\/h3>\n<h3><strong>CANAL DE PARTICIPACI\u00d3N DE LA IMPLEMENTACI\u00d3N<\/strong><\/h3>\n","protected":false},"excerpt":{"rendered":"<p>PARA LA CIUDADAN\u00cdA. Los ciudadanos y ciudadanas de Maracena podr\u00e1n participar en las actividades abiertas a ellos que sean ejecutadas por las diferentes \u00e1reas municipales, que actuar\u00e1n de \u00e1reas ejecutoras. De estas actividades se dar\u00e1 amplia informaci\u00f3n. PROCESO PARTICIPATIVO: Elaboraci\u00f3n de la estrategia. EVENTOS CANAL DE PARTICIPACI\u00d3N DE LA IMPLEMENTACI\u00d3N<\/p>\n","protected":false},"author":2,"featured_media":0,"parent":0,"menu_order":0,"comment_status":"closed","ping_status":"closed","template":"","meta":{"footnotes":""},"class_list":["post-60","page","type-page","status-publish","hentry"],"_links":{"self":[{"href":"https:\/\/www.maracena.es\/edusi\/index.php?rest_route=\/wp\/v2\/pages\/60","targetHints":{"allow":["GET"]}}],"collection":[{"href":"https:\/\/www.maracena.es\/edusi\/index.php?rest_route=\/wp\/v2\/pages"}],"about":[{"href":"https:\/\/www.maracena.es\/edusi\/index.php?rest_route=\/wp\/v2\/types\/page"}],"author":[{"embeddable":true,"href":"https:\/\/www.maracena.es\/edusi\/index.php?rest_route=\/wp\/v2\/users\/2"}],"replies":[{"embeddable":true,"href":"https:\/\/www.maracena.es\/edusi\/index.php?rest_route=%2Fwp%2Fv2%2Fcomments&post=60"}],"version-history":[{"count":11,"href":"https:\/\/www.maracena.es\/edusi\/index.php?rest_route=\/wp\/v2\/pages\/60\/revisions"}],"predecessor-version":[{"id":331,"href":"https:\/\/www.maracena.es\/edusi\/index.php?rest_route=\/wp\/v2\/pages\/60\/revisions\/331"}],"wp:attachment":[{"href":"https:\/\/www.maracena.es\/edusi\/index.php?rest_route=%2Fwp%2Fv2%2Fmedia&parent=60"}],"curies":[{"name":"wp","href":"https:\/\/api.w.org\/{rel}","templated":true}]}}