{"id":739,"date":"2023-04-21T07:25:42","date_gmt":"2023-04-21T07:25:42","guid":{"rendered":"https:\/\/www.maracena.es\/edusi\/?page_id=739"},"modified":"2023-04-21T07:25:42","modified_gmt":"2023-04-21T07:25:42","slug":"bases-reguladoras-para-la-seleccion-de-operaciones","status":"publish","type":"page","link":"https:\/\/www.maracena.es\/edusi\/?page_id=739","title":{"rendered":"Bases reguladoras para la selecci\u00f3n de operaciones"},"content":{"rendered":"\n<p>El Ayuntamiento de Maracena, en su af\u00e1n de velar por un correcto desarrollo de la ciudad, ha llevado a cabo la elaboraci\u00f3n de una Estrategia de Desarrollo Urbano Sostenible Integrado, denominada \u00abMARACENA SOSTENIBLE II\u00bb.<\/p>\n\n\n\n<p>Dicha estrategia, recoge una serie de l\u00edneas de actuaciones y operaciones, determinantes para el desarrollo inmediato del territorio, con un horizonte temporal hasta el a\u00f1o 2022.<\/p>\n\n\n\n<p>Es por ello que se hace necesario establecer las bases reguladoras y la convocatoria para la presentaci\u00f3n de las expresiones de inter\u00e9s y proceder a la selecci\u00f3n y realizaci\u00f3n de las operaciones que se integren en la Estrategia de Desarrollo Urbano Sostenible e Integrado \u00abMARACENA SOSTENIBLE II\u00bb, a cofinanciar con fondos FEDER en un 80 % dentro del Programa Operativo de Crecimiento Sostenible 2014-2020.<\/p>\n\n\n\n<p><a href=\"http:\/\/www.maracena.es\/edusi\/wp-content\/uploads\/2023\/04\/BASES-REGULADORAS-FIRMADO-16022018.pdf\" target=\"_blank\" rel=\"noreferrer noopener\">Bases reguladoras<\/a><\/p>\n","protected":false},"excerpt":{"rendered":"<p>El Ayuntamiento de Maracena, en su af\u00e1n de velar por un correcto desarrollo de la ciudad, ha llevado a cabo la elaboraci\u00f3n de una Estrategia de Desarrollo Urbano Sostenible Integrado, denominada \u00abMARACENA SOSTENIBLE II\u00bb. Dicha estrategia, recoge una serie de l\u00edneas de actuaciones y operaciones, determinantes para el desarrollo inmediato del territorio, con un horizonte [&hellip;]<\/p>\n","protected":false},"author":1,"featured_media":0,"parent":0,"menu_order":0,"comment_status":"closed","ping_status":"closed","template":"","meta":{"footnotes":""},"class_list":["post-739","page","type-page","status-publish","hentry"],"_links":{"self":[{"href":"https:\/\/www.maracena.es\/edusi\/index.php?rest_route=\/wp\/v2\/pages\/739","targetHints":{"allow":["GET"]}}],"collection":[{"href":"https:\/\/www.maracena.es\/edusi\/index.php?rest_route=\/wp\/v2\/pages"}],"about":[{"href":"https:\/\/www.maracena.es\/edusi\/index.php?rest_route=\/wp\/v2\/types\/page"}],"author":[{"embeddable":true,"href":"https:\/\/www.maracena.es\/edusi\/index.php?rest_route=\/wp\/v2\/users\/1"}],"replies":[{"embeddable":true,"href":"https:\/\/www.maracena.es\/edusi\/index.php?rest_route=%2Fwp%2Fv2%2Fcomments&post=739"}],"version-history":[{"count":1,"href":"https:\/\/www.maracena.es\/edusi\/index.php?rest_route=\/wp\/v2\/pages\/739\/revisions"}],"predecessor-version":[{"id":740,"href":"https:\/\/www.maracena.es\/edusi\/index.php?rest_route=\/wp\/v2\/pages\/739\/revisions\/740"}],"wp:attachment":[{"href":"https:\/\/www.maracena.es\/edusi\/index.php?rest_route=%2Fwp%2Fv2%2Fmedia&parent=739"}],"curies":[{"name":"wp","href":"https:\/\/api.w.org\/{rel}","templated":true}]}}